{"id":2723,"date":"2019-12-25T16:44:23","date_gmt":"2019-12-25T15:44:23","guid":{"rendered":"http:\/\/localhost\/amc\/?page_id=2723"},"modified":"2020-08-26T13:19:32","modified_gmt":"2020-08-26T11:19:32","slug":"nos-partenaires","status":"publish","type":"page","link":"https:\/\/www.chantiers-ecoles.ma\/?page_id=2723","title":{"rendered":"Nos partenaires"},"content":{"rendered":"<p>[vc_row full_width=\u00a0\u00bbstretch_row\u00a0\u00bb full_height=\u00a0\u00bbyes\u00a0\u00bb equal_height=\u00a0\u00bbyes\u00a0\u00bb content_placement=\u00a0\u00bbmiddle\u00a0\u00bb overlay_dotted=\u00a0\u00bb\u00a0\u00bb css=\u00a0\u00bb.vc_custom_1577292955431{background-color: #ffffff !important;}\u00a0\u00bb][vc_column width=\u00a0\u00bb2\/3&Prime;][vc_column_text el_class=\u00a0\u00bbgrop-fix grop-about_txt\u00a0\u00bb]Pour la concr\u00e9tisation de ses projets, l\u2019AMC d\u00e9veloppe\u00a0 une multitude de partenariats aussi bien avec les acteurs nationaux que les institutions et bailleurs internationaux[\/vc_column_text][\/vc_column][vc_column width=\u00a0\u00bb1\/3&Prime;][vc_images_carousel images=\u00a0\u00bb2749,2750&Prime; img_size=\u00a0\u00bbmedium\u00a0\u00bb onclick=\u00a0\u00bblink_no\u00a0\u00bb autoplay=\u00a0\u00bbyes\u00a0\u00bb][\/vc_column][\/vc_row][vc_row full_width=\u00a0\u00bbstretch_row\u00a0\u00bb content_placement=\u00a0\u00bbmiddle\u00a0\u00bb overlay_dotted=\u00a0\u00bb\u00a0\u00bb css=\u00a0\u00bb.vc_custom_1577289292721{margin-bottom: 45px !important;background-color: #f9f9f9 !important;}\u00a0\u00bb][vc_column css=\u00a0\u00bb.vc_custom_1507708767000{padding-right: 20px !important;}\u00a0\u00bb offset=\u00a0\u00bbvc_col-lg-6 vc_col-md-6&Prime;][vc_column_text el_class=\u00a0\u00bbgrop-fix grop-about_txt\u00a0\u00bb]<strong>Partenaires nationaux\/locaux<\/strong><\/p>\n<ul>\n<li>Minist\u00e8re de la jeunesse et des sports<\/li>\n<li>La Wilaya de T\u00e9touan<\/li>\n<li>La Commune Urbaine de T\u00e9touan<\/li>\n<li>La Direction r\u00e9gionale de la Culture<\/li>\n<li>La R\u00e9gion Tanger-T\u00e9touan<\/li>\n<li>L\u2019ANAPEC (l\u2019Agence Nationale de Promotion de l&rsquo;Emploi et des Comp\u00e9tences)<\/li>\n<li>L\u2019OFPPT (l\u2019Office de la Formation Professionnelle et de la Promotion du Travail)<\/li>\n<li>L\u2019ENA (Ecole Nationale d\u2019Architecture de T\u00e9touan)<\/li>\n<li>L\u2019ODECO (Office du D\u00e9veloppement et de la Coop\u00e9ration).<\/li>\n<li>La Chambre de Commerce et d\u2019Industrie de T\u00e9touan<\/li>\n<li>R\u00e9seau des associations de la M\u00e9dina de T\u00e9touan<\/li>\n<li>Les entreprises locales dans le domaine de la BTP<\/li>\n<\/ul>\n<p>[\/vc_column_text][\/vc_column][vc_column offset=\u00a0\u00bbvc_col-lg-6 vc_col-md-6&Prime; css=\u00a0\u00bb.vc_custom_1507709761955{padding-left: 20px !important;}\u00a0\u00bb][vc_gallery type=\u00a0\u00bbimage_grid\u00a0\u00bb images=\u00a0\u00bb2735,2738,2736,2725,2728,2733,2961,2962&Prime; onclick=\u00a0\u00bb\u00a0\u00bb][\/vc_column][\/vc_row][vc_row overlay_dotted=\u00a0\u00bb\u00a0\u00bb css=\u00a0\u00bb.vc_custom_1506604734439{margin-bottom: 45px !important;padding-right: 0px !important;padding-left: 0px !important;}\u00a0\u00bb][vc_column css=\u00a0\u00bb.vc_custom_1507708767000{padding-right: 20px !important;}\u00a0\u00bb offset=\u00a0\u00bbvc_col-lg-6 vc_col-md-6&Prime;][vc_column_text el_class=\u00a0\u00bbgrop-fix grop-about_txt\u00a0\u00bb]<strong>Partenaires internationaux<\/strong><\/p>\n<ul>\n<li>L\u2019Agence Espagnole pour la Coop\u00e9ration Internationale au D\u00e9veloppement \u00ab\u00a0AECID\u00bb<\/li>\n<li>PNUD\u00a0: Programme ART GOLD Maroc<\/li>\n<li>FAMSI (Le Fonds Andalou des Municipalit\u00e9s pour la Solidarit\u00e9 Internationale)<\/li>\n<li>MANOS UNIDAS<\/li>\n<li>Banque Mondiale<\/li>\n<li>GIZ (German development cooperation)<\/li>\n<li>DROSSOS<\/li>\n<\/ul>\n<p>[\/vc_column_text][\/vc_column][vc_column offset=\u00a0\u00bbvc_col-lg-6 vc_col-md-6&Prime; css=\u00a0\u00bb.vc_custom_1507709761955{padding-left: 20px !important;}\u00a0\u00bb][vc_gallery type=\u00a0\u00bbimage_grid\u00a0\u00bb images=\u00a0\u00bb2743,2737,2729,2734,2726,2727,2730&Prime; onclick=\u00a0\u00bb\u00a0\u00bb][\/vc_column][\/vc_row][vc_row full_width=\u00a0\u00bbstretch_row\u00a0\u00bb overlay_dotted=\u00a0\u00bb\u00a0\u00bb css=\u00a0\u00bb.vc_custom_1577210173411{margin-right: 0px !important;margin-left: 0px !important;background-color: #f0c84c !important;}\u00a0\u00bb][vc_column css=\u00a0\u00bb.vc_custom_1504694696117{padding-top: 0px !important;}\u00a0\u00bb]<div class=\"grop-callout_area  grop-parlx-69f378d026a4a\"><div class=\"grop-vertical_middle  grop-fix grop-callout_container   vc_custom_1504695436119\"><div class=\"grop-ab_calut_txt\"><p>PARTENARIAT AVEC L&rsquo;AMC<\/p>\n<p>Rejoignez les partenaires de l&rsquo;association.<\/p>\n<\/div><div class=\"grop-float_right grop-callout_btn_warp\"><div class=\"calout-btn\"><a class=\"grop-btn grop-btn_overly grop-callout_btn grop-btn-69f378d026ad8-contactez-nous  \" href=\"http:\/\/www.doithosting.net\/amc\/?page_id=576\"><span>Contactez-nous !<\/span><\/a><\/div><\/div><\/div><\/div>[\/vc_column][\/vc_row]<\/p>\n","protected":false},"excerpt":{"rendered":"[vc_row full_width=\u00a0\u00bbstretch_row\u00a0\u00bb full_height=\u00a0\u00bbyes\u00a0\u00bb equal_height=\u00a0\u00bbyes\u00a0\u00bb content_placement=\u00a0\u00bbmiddle\u00a0\u00bb overlay_dotted=\u00a0\u00bb\u00a0\u00bb css=\u00a0\u00bb.vc_custom_1577292955431{background-color: #ffffff !important;}\u00a0\u00bb][vc_column width=\u00a0\u00bb2\/3&Prime;][vc_column_text el_class=\u00a0\u00bbgrop-fix grop-about_txt\u00a0\u00bb]Pour la concr\u00e9tisation de ses projets, l\u2019AMC d\u00e9veloppe\u00a0 une multitude de partenariats aussi bien avec les acteurs nationaux que les institutions et bailleurs internationaux[\/vc_column_text][\/vc_column][vc_column width=\u00a0\u00bb1\/3&Prime;][vc_images_carousel images=\u00a0\u00bb2749,2750&Prime; img_size=\u00a0\u00bbmedium\u00a0\u00bb onclick=\u00a0\u00bblink_no\u00a0\u00bb autoplay=\u00a0\u00bbyes\u00a0\u00bb][\/vc_column][\/vc_row][vc_row full_width=\u00a0\u00bbstretch_row\u00a0\u00bb content_placement=\u00a0\u00bbmiddle\u00a0\u00bb overlay_dotted=\u00a0\u00bb\u00a0\u00bb css=\u00a0\u00bb.vc_custom_1577289292721{margin-bottom: 45px !important;background-color: #f9f9f9 !important;}\u00a0\u00bb][vc_column css=\u00a0\u00bb.vc_custom_1507708767000{padding-right: 20px !important;}\u00a0\u00bb offset=\u00a0\u00bbvc_col-lg-6 vc_col-md-6&Prime;][vc_column_text el_class=\u00a0\u00bbgrop-fix grop-about_txt\u00a0\u00bb]Partenaires &#8230;","protected":false},"author":2,"featured_media":0,"parent":0,"menu_order":0,"comment_status":"closed","ping_status":"closed","template":"","meta":[],"_links":{"self":[{"href":"https:\/\/www.chantiers-ecoles.ma\/index.php?rest_route=\/wp\/v2\/pages\/2723"}],"collection":[{"href":"https:\/\/www.chantiers-ecoles.ma\/index.php?rest_route=\/wp\/v2\/pages"}],"about":[{"href":"https:\/\/www.chantiers-ecoles.ma\/index.php?rest_route=\/wp\/v2\/types\/page"}],"author":[{"embeddable":true,"href":"https:\/\/www.chantiers-ecoles.ma\/index.php?rest_route=\/wp\/v2\/users\/2"}],"replies":[{"embeddable":true,"href":"https:\/\/www.chantiers-ecoles.ma\/index.php?rest_route=%2Fwp%2Fv2%2Fcomments&post=2723"}],"version-history":[{"count":13,"href":"https:\/\/www.chantiers-ecoles.ma\/index.php?rest_route=\/wp\/v2\/pages\/2723\/revisions"}],"predecessor-version":[{"id":2985,"href":"https:\/\/www.chantiers-ecoles.ma\/index.php?rest_route=\/wp\/v2\/pages\/2723\/revisions\/2985"}],"wp:attachment":[{"href":"https:\/\/www.chantiers-ecoles.ma\/index.php?rest_route=%2Fwp%2Fv2%2Fmedia&parent=2723"}],"curies":[{"name":"wp","href":"https:\/\/api.w.org\/{rel}","templated":true}]}}