{"id":570,"date":"2017-08-21T07:40:32","date_gmt":"2017-08-21T07:40:32","guid":{"rendered":"https:\/\/victorthemes.com\/themes\/groppe\/?page_id=570"},"modified":"2019-12-25T17:41:57","modified_gmt":"2019-12-25T16:41:57","slug":"actualites","status":"publish","type":"page","link":"https:\/\/www.chantiers-ecoles.ma\/?page_id=570","title":{"rendered":"Nos actualit\u00e9s"},"content":{"rendered":"<p>[vc_row][vc_column css=\u00a0\u00bb.vc_custom_1507811639456{padding-right: 0px !important;padding-left: 0px !important;}\u00a0\u00bb]\n    <!-- Blog Start -->\n    <div class=\"grop-blog-wrap grop-filter_content_warp grop-blog-col-3 \">\n      <div class=\"grop-filter_content\">      <article id=\"post-3002\" class=\"grop-filter_single_col post-3002 post type-post status-publish format-standard has-post-thumbnail hentry category-amc\">\n        \t\t\t\t<div class=\"grop-hm3news_single_post_warp  grop-blog_grid\">\n\t\t\t\t\t<div class=\"grop-news_pst_media\">\n\t\t\t\t\t\t\t          \t<img src=\"https:\/\/www.chantiers-ecoles.ma\/wp-content\/uploads\/2020\/10\/amc1.jpg\" alt=\"CHANTIER ECOLE TETOUAN : OUVERTURE D\u2019INSCRIPTION POUR l\u2019ANNEE SCOLAIRE 2020-2021\">\n\t        \t\t\t\t\t\t<\/div><!--\/ end-->\n\t\t\t\t\t<div class=\"grop-news_pst_cont_warp\">\n\t\t\t\t\t\t<div class=\"grop-news_pst_cont\">\n\t\t\t\t\t\t\t\t\t\t\t\t\t<div class=\"grop-news_ps_date\">\n\t\t\t\t\t\t\t\t<i class=\"fa fa-clock-o\"><\/i> 06 Oct 2020\t\t\t\t\t\t\t<\/div>\n\t\t\t\t\t\t\t<h4 class=\"grop-news_ps_title\"><a href=\"https:\/\/www.chantiers-ecoles.ma\/?p=3002\">CHANTIER ECOLE TETOUAN : OUVERTURE D\u2019INSCRIPTION POUR l\u2019ANNEE SCOLAIRE 2020-2021<\/a><\/h4>\t\t\t\t\t\t\t<p>[vc_row][vc_column][vc_column_text]L\u2019association Marocaine des chantiers Ecole pour le d\u00e9veloppement en partenariat avec la &#8230;\t\t\t        <\/p>\n\t\t\t\t\t\t<\/div><!--\/ end-->\n\t\t\t\t\t\t<!--meta element start \\-->\n\t\t\t\t\t\t\t\t\t\t\t\t<div class=\"grop-fix grop-news_pst_meta\">\n\t\t\t\t\t\t\t\t\t\t\t\t\t\t<div class=\"grop-float_left grop-news_pst_in\">\n\t\t\t\t\t\t\t\t \tin <a href=\"https:\/\/www.chantiers-ecoles.ma\/?cat=17\" rel=\"category\">AMC NEWS<\/a>\t\t\t\t\t\t\t<\/div>\n\t\t\t\t\t\t\t\t\t\t\t\t\t\t<div class=\"grop-float_right grop-news_pst_commnt\">\n\t\t\t\t\t\t\t\t<span><\/span>\t\t\t\t\t\t\t<\/div>\n\t\t\t\t\t\t\t\t\t\t\t\t\t<\/div><!--\/ end-->\n\t\t\t\t\t\t\t\t\t\t\t<\/div>\n\t\t\t\t<\/div>\n\t\t\t\t        <\/article><!-- #post-## -->\n            <article id=\"post-2988\" class=\"grop-filter_single_col post-2988 post type-post status-publish format-standard has-post-thumbnail hentry category-amc\">\n        \t\t\t\t<div class=\"grop-hm3news_single_post_warp  grop-blog_grid\">\n\t\t\t\t\t<div class=\"grop-news_pst_media\">\n\t\t\t\t\t\t\t          \t<img src=\"https:\/\/www.chantiers-ecoles.ma\/wp-content\/uploads\/2020\/10\/amc1.png\" alt=\"CHANTIER ECOLE TETOUAN \u00ab une rentr\u00e9e en formation hybride \u00bb\">\n\t        \t\t\t\t\t\t<\/div><!--\/ end-->\n\t\t\t\t\t<div class=\"grop-news_pst_cont_warp\">\n\t\t\t\t\t\t<div class=\"grop-news_pst_cont\">\n\t\t\t\t\t\t\t\t\t\t\t\t\t<div class=\"grop-news_ps_date\">\n\t\t\t\t\t\t\t\t<i class=\"fa fa-clock-o\"><\/i> 06 Oct 2020\t\t\t\t\t\t\t<\/div>\n\t\t\t\t\t\t\t<h4 class=\"grop-news_ps_title\"><a href=\"https:\/\/www.chantiers-ecoles.ma\/?p=2988\">CHANTIER ECOLE TETOUAN \u00ab une rentr\u00e9e en formation hybride \u00bb<\/a><\/h4>\t\t\t\t\t\t\t<p>[vc_row][vc_column][vc_column_text]Tenant compte de la situation pand\u00e9mique actuelle dans notre pays, L\u2019AMC a &#8230;\t\t\t        <\/p>\n\t\t\t\t\t\t<\/div><!--\/ end-->\n\t\t\t\t\t\t<!--meta element start \\-->\n\t\t\t\t\t\t\t\t\t\t\t\t<div class=\"grop-fix grop-news_pst_meta\">\n\t\t\t\t\t\t\t\t\t\t\t\t\t\t<div class=\"grop-float_left grop-news_pst_in\">\n\t\t\t\t\t\t\t\t \tin <a href=\"https:\/\/www.chantiers-ecoles.ma\/?cat=17\" rel=\"category\">AMC NEWS<\/a>\t\t\t\t\t\t\t<\/div>\n\t\t\t\t\t\t\t\t\t\t\t\t\t\t<div class=\"grop-float_right grop-news_pst_commnt\">\n\t\t\t\t\t\t\t\t<span><\/span>\t\t\t\t\t\t\t<\/div>\n\t\t\t\t\t\t\t\t\t\t\t\t\t<\/div><!--\/ end-->\n\t\t\t\t\t\t\t\t\t\t\t<\/div>\n\t\t\t\t<\/div>\n\t\t\t\t        <\/article><!-- #post-## -->\n            <article id=\"post-2976\" class=\"grop-filter_single_col post-2976 post type-post status-publish format-standard has-post-thumbnail hentry category-amc\">\n        \t\t\t\t<div class=\"grop-hm3news_single_post_warp  grop-blog_grid\">\n\t\t\t\t\t<div class=\"grop-news_pst_media\">\n\t\t\t\t\t\t\t          \t<img src=\"https:\/\/www.chantiers-ecoles.ma\/wp-content\/uploads\/2020\/02\/amc-logo4.png\" alt=\"CONTEXTE DU CONFINEMENT ET LA FORMATION CHANTIER ECOLE\">\n\t        \t\t\t\t\t\t<\/div><!--\/ end-->\n\t\t\t\t\t<div class=\"grop-news_pst_cont_warp\">\n\t\t\t\t\t\t<div class=\"grop-news_pst_cont\">\n\t\t\t\t\t\t\t\t\t\t\t\t\t<div class=\"grop-news_ps_date\">\n\t\t\t\t\t\t\t\t<i class=\"fa fa-clock-o\"><\/i> 03 Juin 2020\t\t\t\t\t\t\t<\/div>\n\t\t\t\t\t\t\t<h4 class=\"grop-news_ps_title\"><a href=\"https:\/\/www.chantiers-ecoles.ma\/?p=2976\">CONTEXTE DU CONFINEMENT ET LA FORMATION CHANTIER ECOLE<\/a><\/h4>\t\t\t\t\t\t\t<p>Les autorit\u00e9s marocaines ont d\u00e9cr\u00e9t\u00e9 l\u2019\u00e9tat d\u2019urgence sanitaire et invit\u00e9 la population &#8230;\t\t\t        <\/p>\n\t\t\t\t\t\t<\/div><!--\/ end-->\n\t\t\t\t\t\t<!--meta element start \\-->\n\t\t\t\t\t\t\t\t\t\t\t\t<div class=\"grop-fix grop-news_pst_meta\">\n\t\t\t\t\t\t\t\t\t\t\t\t\t\t<div class=\"grop-float_left grop-news_pst_in\">\n\t\t\t\t\t\t\t\t \tin <a href=\"https:\/\/www.chantiers-ecoles.ma\/?cat=17\" rel=\"category\">AMC NEWS<\/a>\t\t\t\t\t\t\t<\/div>\n\t\t\t\t\t\t\t\t\t\t\t\t\t\t<div class=\"grop-float_right grop-news_pst_commnt\">\n\t\t\t\t\t\t\t\t<span><\/span>\t\t\t\t\t\t\t<\/div>\n\t\t\t\t\t\t\t\t\t\t\t\t\t<\/div><!--\/ end-->\n\t\t\t\t\t\t\t\t\t\t\t<\/div>\n\t\t\t\t<\/div>\n\t\t\t\t        <\/article><!-- #post-## -->\n            <article id=\"post-2967\" class=\"grop-filter_single_col post-2967 post type-post status-publish format-standard has-post-thumbnail hentry category-amc\">\n        \t\t\t\t<div class=\"grop-hm3news_single_post_warp  grop-blog_grid\">\n\t\t\t\t\t<div class=\"grop-news_pst_media\">\n\t\t\t\t\t\t\t          \t<img src=\"https:\/\/www.chantiers-ecoles.ma\/wp-content\/uploads\/2020\/02\/kafaat-liljami3.png\" alt=\"Kafaa Lil Jamii (Comp\u00e9tences Pour Tous) : l\u2019AMC lance un nouveau projet d\u2019appui au Chantier Ecole de T\u00e9touan (CET) en f\u00e9vrier 2020\">\n\t        \t\t\t\t\t\t<\/div><!--\/ end-->\n\t\t\t\t\t<div class=\"grop-news_pst_cont_warp\">\n\t\t\t\t\t\t<div class=\"grop-news_pst_cont\">\n\t\t\t\t\t\t\t\t\t\t\t\t\t<div class=\"grop-news_ps_date\">\n\t\t\t\t\t\t\t\t<i class=\"fa fa-clock-o\"><\/i> 26 F\u00e9v 2020\t\t\t\t\t\t\t<\/div>\n\t\t\t\t\t\t\t<h4 class=\"grop-news_ps_title\"><a href=\"https:\/\/www.chantiers-ecoles.ma\/?p=2967\">Kafaa Lil Jamii (Comp\u00e9tences Pour Tous) : l\u2019AMC lance un nouveau projet d\u2019appui au Chantier Ecole de T\u00e9touan (CET) en f\u00e9vrier 2020<\/a><\/h4>\t\t\t\t\t\t\t<p>Kafaa Lil Jamii (Comp\u00e9tences Pour Tous) : l\u2019AMC lance un nouveau projet &#8230;\t\t\t        <\/p>\n\t\t\t\t\t\t<\/div><!--\/ end-->\n\t\t\t\t\t\t<!--meta element start \\-->\n\t\t\t\t\t\t\t\t\t\t\t\t<div class=\"grop-fix grop-news_pst_meta\">\n\t\t\t\t\t\t\t\t\t\t\t\t\t\t<div class=\"grop-float_left grop-news_pst_in\">\n\t\t\t\t\t\t\t\t \tin <a href=\"https:\/\/www.chantiers-ecoles.ma\/?cat=17\" rel=\"category\">AMC NEWS<\/a>\t\t\t\t\t\t\t<\/div>\n\t\t\t\t\t\t\t\t\t\t\t\t\t\t<div class=\"grop-float_right grop-news_pst_commnt\">\n\t\t\t\t\t\t\t\t<span><\/span>\t\t\t\t\t\t\t<\/div>\n\t\t\t\t\t\t\t\t\t\t\t\t\t<\/div><!--\/ end-->\n\t\t\t\t\t\t\t\t\t\t\t<\/div>\n\t\t\t\t<\/div>\n\t\t\t\t        <\/article><!-- #post-## -->\n            <article id=\"post-2897\" class=\"grop-filter_single_col post-2897 post type-post status-publish format-standard has-post-thumbnail hentry category-amc\">\n        \t\t\t\t<div class=\"grop-hm3news_single_post_warp  grop-blog_grid\">\n\t\t\t\t\t<div class=\"grop-news_pst_media\">\n\t\t\t\t\t\t\t          \t<img src=\"https:\/\/www.chantiers-ecoles.ma\/wp-content\/uploads\/2019\/12\/2-6.jpg\" alt=\"\u062d\u0648\u0627\u0631 \u062d\u0635\u0631\u064a \u0645\u0639 \u0627\u0644\u0633\u064a\u062f \u062c\u0645\u0627\u0644 \u0627\u0648\u0644\u0627\u0633 \u0627\u0644\u0645\u0646\u062f\u0648\u0628 \u0627\u0644\u062c\u0647\u0648\u064a \u0644\u0645\u0643\u062a\u0628 \u0627\u0644\u062a\u0646\u0645\u064a\u0629 \u0648 \u0627\u0644\u062a\u0639\u0627\u0648\u0646 \u0628\u0637\u0646\u062c\u0629\">\n\t        \t\t\t\t\t\t<\/div><!--\/ end-->\n\t\t\t\t\t<div class=\"grop-news_pst_cont_warp\">\n\t\t\t\t\t\t<div class=\"grop-news_pst_cont\">\n\t\t\t\t\t\t\t\t\t\t\t\t\t<div class=\"grop-news_ps_date\">\n\t\t\t\t\t\t\t\t<i class=\"fa fa-clock-o\"><\/i> 20 D\u00e9c 2019\t\t\t\t\t\t\t<\/div>\n\t\t\t\t\t\t\t<h4 class=\"grop-news_ps_title\"><a href=\"https:\/\/www.chantiers-ecoles.ma\/?p=2897\">\u062d\u0648\u0627\u0631 \u062d\u0635\u0631\u064a \u0645\u0639 \u0627\u0644\u0633\u064a\u062f \u062c\u0645\u0627\u0644 \u0627\u0648\u0644\u0627\u0633 \u0627\u0644\u0645\u0646\u062f\u0648\u0628 \u0627\u0644\u062c\u0647\u0648\u064a \u0644\u0645\u0643\u062a\u0628 \u0627\u0644\u062a\u0646\u0645\u064a\u0629 \u0648 \u0627\u0644\u062a\u0639\u0627\u0648\u0646 \u0628\u0637\u0646\u062c\u0629<\/a><\/h4>\t\t\t\t\t\t\t<p>[vc_row][vc_column][vc_column_text]\u062d\u0648\u0627\u0631 \u062d\u0635\u0631\u064a \u0645\u0639 \u0627\u0644\u0633\u064a\u062f \u062c\u0645\u0627\u0644 \u0627\u0648\u0644\u0627\u0633 \u0627\u0644\u0645\u0646\u062f\u0648\u0628 \u0627\u0644\u062c\u0647\u0648\u064a \u0644\u0645\u0643\u062a\u0628 \u0627\u0644\u062a\u0646\u0645\u064a\u0629 \u0648 \u0627\u0644\u062a\u0639\u0627\u0648\u0646 &#8230;\t\t\t        <\/p>\n\t\t\t\t\t\t<\/div><!--\/ end-->\n\t\t\t\t\t\t<!--meta element start \\-->\n\t\t\t\t\t\t\t\t\t\t\t\t<div class=\"grop-fix grop-news_pst_meta\">\n\t\t\t\t\t\t\t\t\t\t\t\t\t\t<div class=\"grop-float_left grop-news_pst_in\">\n\t\t\t\t\t\t\t\t \tin <a href=\"https:\/\/www.chantiers-ecoles.ma\/?cat=17\" rel=\"category\">AMC NEWS<\/a>\t\t\t\t\t\t\t<\/div>\n\t\t\t\t\t\t\t\t\t\t\t\t\t\t<div class=\"grop-float_right grop-news_pst_commnt\">\n\t\t\t\t\t\t\t\t<span><\/span>\t\t\t\t\t\t\t<\/div>\n\t\t\t\t\t\t\t\t\t\t\t\t\t<\/div><!--\/ end-->\n\t\t\t\t\t\t\t\t\t\t\t<\/div>\n\t\t\t\t<\/div>\n\t\t\t\t        <\/article><!-- #post-## -->\n            <article id=\"post-2862\" class=\"grop-filter_single_col post-2862 post type-post status-publish format-standard has-post-thumbnail hentry category-amc\">\n        \t\t\t\t<div class=\"grop-hm3news_single_post_warp  grop-blog_grid\">\n\t\t\t\t\t<div class=\"grop-news_pst_media\">\n\t\t\t\t\t\t\t          \t<img src=\"https:\/\/www.chantiers-ecoles.ma\/wp-content\/uploads\/2019\/12\/22-1.jpg\" alt=\"L&rsquo;association Engloba Huelva a visit\u00e9 le Chantier Ecole T\u00e9touan\">\n\t        \t\t\t\t\t\t<\/div><!--\/ end-->\n\t\t\t\t\t<div class=\"grop-news_pst_cont_warp\">\n\t\t\t\t\t\t<div class=\"grop-news_pst_cont\">\n\t\t\t\t\t\t\t\t\t\t\t\t\t<div class=\"grop-news_ps_date\">\n\t\t\t\t\t\t\t\t<i class=\"fa fa-clock-o\"><\/i> 06 D\u00e9c 2019\t\t\t\t\t\t\t<\/div>\n\t\t\t\t\t\t\t<h4 class=\"grop-news_ps_title\"><a href=\"https:\/\/www.chantiers-ecoles.ma\/?p=2862\">L&rsquo;association Engloba Huelva a visit\u00e9 le Chantier Ecole T\u00e9touan<\/a><\/h4>\t\t\t\t\t\t\t<p>[vc_row][vc_column][vc_column_text]Le 25,26 et 27 novembre 2019, l&rsquo;association Engloba Huelva a visit\u00e9 le &#8230;\t\t\t        <\/p>\n\t\t\t\t\t\t<\/div><!--\/ end-->\n\t\t\t\t\t\t<!--meta element start \\-->\n\t\t\t\t\t\t\t\t\t\t\t\t<div class=\"grop-fix grop-news_pst_meta\">\n\t\t\t\t\t\t\t\t\t\t\t\t\t\t<div class=\"grop-float_left grop-news_pst_in\">\n\t\t\t\t\t\t\t\t \tin <a href=\"https:\/\/www.chantiers-ecoles.ma\/?cat=17\" rel=\"category\">AMC NEWS<\/a>\t\t\t\t\t\t\t<\/div>\n\t\t\t\t\t\t\t\t\t\t\t\t\t\t<div class=\"grop-float_right grop-news_pst_commnt\">\n\t\t\t\t\t\t\t\t<span><\/span>\t\t\t\t\t\t\t<\/div>\n\t\t\t\t\t\t\t\t\t\t\t\t\t<\/div><!--\/ end-->\n\t\t\t\t\t\t\t\t\t\t\t<\/div>\n\t\t\t\t<\/div>\n\t\t\t\t        <\/article><!-- #post-## -->\n            <article id=\"post-2832\" class=\"grop-filter_single_col post-2832 post type-post status-publish format-standard has-post-thumbnail hentry category-amc\">\n        \t\t\t\t<div class=\"grop-hm3news_single_post_warp  grop-blog_grid\">\n\t\t\t\t\t<div class=\"grop-news_pst_media\">\n\t\t\t\t\t\t\t          \t<img src=\"https:\/\/www.chantiers-ecoles.ma\/wp-content\/uploads\/2019\/12\/1-4.jpg\" alt=\"\u0627\u0646\u0637\u0644\u0627\u0642\u0629 \u0645\u0634\u0631\u0648\u0639 \u00ab\u00a0\u0645\u062f\u0631\u0633\u0629 \u0627\u0644\u0641\u0631\u0635\u0629 \u0627\u0644\u062b\u0627\u0646\u064a\u0629 \u0627\u0644\u062c\u064a\u0644 \u0627\u0644\u062c\u062f\u064a\u062f &#8211; \u0627\u0644\u0645\u062f\u0631\u0633\u0629 \u0627\u0644\u0648\u0631\u0634\u0629\u00a0\u00bb\">\n\t        \t\t\t\t\t\t<\/div><!--\/ end-->\n\t\t\t\t\t<div class=\"grop-news_pst_cont_warp\">\n\t\t\t\t\t\t<div class=\"grop-news_pst_cont\">\n\t\t\t\t\t\t\t\t\t\t\t\t\t<div class=\"grop-news_ps_date\">\n\t\t\t\t\t\t\t\t<i class=\"fa fa-clock-o\"><\/i> 08 Nov 2019\t\t\t\t\t\t\t<\/div>\n\t\t\t\t\t\t\t<h4 class=\"grop-news_ps_title\"><a href=\"https:\/\/www.chantiers-ecoles.ma\/?p=2832\">\u0627\u0646\u0637\u0644\u0627\u0642\u0629 \u0645\u0634\u0631\u0648\u0639 \u00ab\u00a0\u0645\u062f\u0631\u0633\u0629 \u0627\u0644\u0641\u0631\u0635\u0629 \u0627\u0644\u062b\u0627\u0646\u064a\u0629 \u0627\u0644\u062c\u064a\u0644 \u0627\u0644\u062c\u062f\u064a\u062f &#8211; \u0627\u0644\u0645\u062f\u0631\u0633\u0629 \u0627\u0644\u0648\u0631\u0634\u0629\u00a0\u00bb<\/a><\/h4>\t\t\t\t\t\t\t<p>[vc_row][vc_column][vc_column_text] \u0627\u0646\u0637\u0644\u0627\u0642\u0629 \u0645\u0634\u0631\u0648\u0639 \u00ab\u00a0\u0645\u062f\u0631\u0633\u0629 \u0627\u0644\u0641\u0631\u0635\u0629 \u0627\u0644\u062b\u0627\u0646\u064a\u0629 \u0627\u0644\u062c\u064a\u0644 \u0627\u0644\u062c\u062f\u064a\u062f &#8211; \u0627\u0644\u0645\u062f\u0631\u0633\u0629 \u0627\u0644\u0648\u0631\u0634\u0629\u00a0\u00bb \u0627\u0644\u0645\u0648\u0642\u0639 &#8230;\t\t\t        <\/p>\n\t\t\t\t\t\t<\/div><!--\/ end-->\n\t\t\t\t\t\t<!--meta element start \\-->\n\t\t\t\t\t\t\t\t\t\t\t\t<div class=\"grop-fix grop-news_pst_meta\">\n\t\t\t\t\t\t\t\t\t\t\t\t\t\t<div class=\"grop-float_left grop-news_pst_in\">\n\t\t\t\t\t\t\t\t \tin <a href=\"https:\/\/www.chantiers-ecoles.ma\/?cat=17\" rel=\"category\">AMC NEWS<\/a>\t\t\t\t\t\t\t<\/div>\n\t\t\t\t\t\t\t\t\t\t\t\t\t\t<div class=\"grop-float_right grop-news_pst_commnt\">\n\t\t\t\t\t\t\t\t<span><\/span>\t\t\t\t\t\t\t<\/div>\n\t\t\t\t\t\t\t\t\t\t\t\t\t<\/div><!--\/ end-->\n\t\t\t\t\t\t\t\t\t\t\t<\/div>\n\t\t\t\t<\/div>\n\t\t\t\t        <\/article><!-- #post-## -->\n            <article id=\"post-2810\" class=\"grop-filter_single_col post-2810 post type-post status-publish format-standard has-post-thumbnail hentry category-amc\">\n        \t\t\t\t<div class=\"grop-hm3news_single_post_warp  grop-blog_grid\">\n\t\t\t\t\t<div class=\"grop-news_pst_media\">\n\t\t\t\t\t\t\t          \t<img src=\"https:\/\/www.chantiers-ecoles.ma\/wp-content\/uploads\/2019\/12\/2-3.jpg\" alt=\"Visite de la d\u00e9l\u00e9gation DROSOS au Chantier \u00c9cole T\u00e9touan\">\n\t        \t\t\t\t\t\t<\/div><!--\/ end-->\n\t\t\t\t\t<div class=\"grop-news_pst_cont_warp\">\n\t\t\t\t\t\t<div class=\"grop-news_pst_cont\">\n\t\t\t\t\t\t\t\t\t\t\t\t\t<div class=\"grop-news_ps_date\">\n\t\t\t\t\t\t\t\t<i class=\"fa fa-clock-o\"><\/i> 07 Nov 2019\t\t\t\t\t\t\t<\/div>\n\t\t\t\t\t\t\t<h4 class=\"grop-news_ps_title\"><a href=\"https:\/\/www.chantiers-ecoles.ma\/?p=2810\">Visite de la d\u00e9l\u00e9gation DROSOS au Chantier \u00c9cole T\u00e9touan<\/a><\/h4>\t\t\t\t\t\t\t<p>[vc_row][vc_column][vc_gallery type=\u00a0\u00bbimage_grid\u00a0\u00bb images=\u00a0\u00bb2829,2828,2827,2826,2825,2824,2823,2822,2821,2820,2819,2818,2817,2816,2815,2814,2813,2812,2811&Prime; img_size=\u00a0\u00bbmedium\u00a0\u00bb][\/vc_column][\/vc_row]\t\t\t        <\/p>\n\t\t\t\t\t\t<\/div><!--\/ end-->\n\t\t\t\t\t\t<!--meta element start \\-->\n\t\t\t\t\t\t\t\t\t\t\t\t<div class=\"grop-fix grop-news_pst_meta\">\n\t\t\t\t\t\t\t\t\t\t\t\t\t\t<div class=\"grop-float_left grop-news_pst_in\">\n\t\t\t\t\t\t\t\t \tin <a href=\"https:\/\/www.chantiers-ecoles.ma\/?cat=17\" rel=\"category\">AMC NEWS<\/a>\t\t\t\t\t\t\t<\/div>\n\t\t\t\t\t\t\t\t\t\t\t\t\t\t<div class=\"grop-float_right grop-news_pst_commnt\">\n\t\t\t\t\t\t\t\t<span><\/span>\t\t\t\t\t\t\t<\/div>\n\t\t\t\t\t\t\t\t\t\t\t\t\t<\/div><!--\/ end-->\n\t\t\t\t\t\t\t\t\t\t\t<\/div>\n\t\t\t\t<\/div>\n\t\t\t\t        <\/article><!-- #post-## -->\n            <article id=\"post-2796\" class=\"grop-filter_single_col post-2796 post type-post status-publish format-standard has-post-thumbnail hentry category-amc\">\n        \t\t\t\t<div class=\"grop-hm3news_single_post_warp  grop-blog_grid\">\n\t\t\t\t\t<div class=\"grop-news_pst_media\">\n\t\t\t\t\t\t\t          \t<img src=\"https:\/\/www.chantiers-ecoles.ma\/wp-content\/uploads\/2019\/12\/2-2.jpg\" alt=\"\u0627\u0644\u0645\u0646\u062a\u062f\u0649 \u0627\u0644\u062c\u0647\u0648\u064a \u0644\u0644\u0634\u0628\u0627\u0628 \u0648\u0627\u0644\u0645\u0642\u0627\u0648\u0644\u0629 \u0641\u064a \u0627\u0644\u0642\u0637\u0627\u0639 \u063a\u064a\u0631 \u0627\u0644\u0645\u0647\u064a\u0643\u0644 \u062c\u0647\u0629 \u0637\u0646\u062c\u0629 &#8211; \u062a\u0637\u0648\u0627\u0646 &#8211; \u0627\u0644\u062d\u0633\u064a\u0645\u0629\">\n\t        \t\t\t\t\t\t<\/div><!--\/ end-->\n\t\t\t\t\t<div class=\"grop-news_pst_cont_warp\">\n\t\t\t\t\t\t<div class=\"grop-news_pst_cont\">\n\t\t\t\t\t\t\t\t\t\t\t\t\t<div class=\"grop-news_ps_date\">\n\t\t\t\t\t\t\t\t<i class=\"fa fa-clock-o\"><\/i> 07 Nov 2019\t\t\t\t\t\t\t<\/div>\n\t\t\t\t\t\t\t<h4 class=\"grop-news_ps_title\"><a href=\"https:\/\/www.chantiers-ecoles.ma\/?p=2796\">\u0627\u0644\u0645\u0646\u062a\u062f\u0649 \u0627\u0644\u062c\u0647\u0648\u064a \u0644\u0644\u0634\u0628\u0627\u0628 \u0648\u0627\u0644\u0645\u0642\u0627\u0648\u0644\u0629 \u0641\u064a \u0627\u0644\u0642\u0637\u0627\u0639 \u063a\u064a\u0631 \u0627\u0644\u0645\u0647\u064a\u0643\u0644 \u062c\u0647\u0629 \u0637\u0646\u062c\u0629 &#8211; \u062a\u0637\u0648\u0627\u0646 &#8211; \u0627\u0644\u062d\u0633\u064a\u0645\u0629<\/a><\/h4>\t\t\t\t\t\t\t<p>[vc_row][vc_column][vc_gallery type=\u00a0\u00bbimage_grid\u00a0\u00bb images=\u00a0\u00bb2797,2798,2799,2800,2801,2802,2803,2804,2805,2806,2807,2808&Prime; img_size=\u00a0\u00bbmedium\u00a0\u00bb][\/vc_column][\/vc_row]\t\t\t        <\/p>\n\t\t\t\t\t\t<\/div><!--\/ end-->\n\t\t\t\t\t\t<!--meta element start \\-->\n\t\t\t\t\t\t\t\t\t\t\t\t<div class=\"grop-fix grop-news_pst_meta\">\n\t\t\t\t\t\t\t\t\t\t\t\t\t\t<div class=\"grop-float_left grop-news_pst_in\">\n\t\t\t\t\t\t\t\t \tin <a href=\"https:\/\/www.chantiers-ecoles.ma\/?cat=17\" rel=\"category\">AMC NEWS<\/a>\t\t\t\t\t\t\t<\/div>\n\t\t\t\t\t\t\t\t\t\t\t\t\t\t<div class=\"grop-float_right grop-news_pst_commnt\">\n\t\t\t\t\t\t\t\t<span><\/span>\t\t\t\t\t\t\t<\/div>\n\t\t\t\t\t\t\t\t\t\t\t\t\t<\/div><!--\/ end-->\n\t\t\t\t\t\t\t\t\t\t\t<\/div>\n\t\t\t\t<\/div>\n\t\t\t\t        <\/article><!-- #post-## -->\n            <article id=\"post-2782\" class=\"grop-filter_single_col post-2782 post type-post status-publish format-standard has-post-thumbnail hentry category-amc\">\n        \t\t\t\t<div class=\"grop-hm3news_single_post_warp  grop-blog_grid\">\n\t\t\t\t\t<div class=\"grop-news_pst_media\">\n\t\t\t\t\t\t\t          \t<img src=\"https:\/\/www.chantiers-ecoles.ma\/wp-content\/uploads\/2019\/12\/1-1.jpg\" alt=\"\u062f\u0639\u0645\u0627 \u0644\u0642\u062f\u0631\u0627\u062a \u0627\u0644\u0634\u0628\u0627\u0628 \u0641\u064a \u0627\u0644\u0645\u062c\u0627\u0644 \u0627\u0644\u0645\u0642\u0627\u0648\u0644\u0627\u062a\u064a\u060c \u064a\u0633\u0647\u0631 \u0628\u0631\u0646\u0627\u0645\u062c \u0627\u0644\u0645\u0647\u0627\u0631\u0627\u062a \u0627\u0644\u062d\u064a\u0627\u062a\u064a\u0629 \u0639\u0644\u0649 \u062a\u0643\u0648\u064a\u0646\u0627\u062a \u0645\u062a\u0639\u062f\u062f\u0629 \u0628\u062f\u0627\u0631 \u0627\u0644\u0634\u0628\u0627\u0628 \u0645\u062d\u0645\u062f \u062f\u0627\u0648\u062f\">\n\t        \t\t\t\t\t\t<\/div><!--\/ end-->\n\t\t\t\t\t<div class=\"grop-news_pst_cont_warp\">\n\t\t\t\t\t\t<div class=\"grop-news_pst_cont\">\n\t\t\t\t\t\t\t\t\t\t\t\t\t<div class=\"grop-news_ps_date\">\n\t\t\t\t\t\t\t\t<i class=\"fa fa-clock-o\"><\/i> 07 Nov 2019\t\t\t\t\t\t\t<\/div>\n\t\t\t\t\t\t\t<h4 class=\"grop-news_ps_title\"><a href=\"https:\/\/www.chantiers-ecoles.ma\/?p=2782\">\u062f\u0639\u0645\u0627 \u0644\u0642\u062f\u0631\u0627\u062a \u0627\u0644\u0634\u0628\u0627\u0628 \u0641\u064a \u0627\u0644\u0645\u062c\u0627\u0644 \u0627\u0644\u0645\u0642\u0627\u0648\u0644\u0627\u062a\u064a\u060c \u064a\u0633\u0647\u0631 \u0628\u0631\u0646\u0627\u0645\u062c \u0627\u0644\u0645\u0647\u0627\u0631\u0627\u062a \u0627\u0644\u062d\u064a\u0627\u062a\u064a\u0629 \u0639\u0644\u0649 \u062a\u0643\u0648\u064a\u0646\u0627\u062a \u0645\u062a\u0639\u062f\u062f\u0629 \u0628\u062f\u0627\u0631 \u0627\u0644\u0634\u0628\u0627\u0628 \u0645\u062d\u0645\u062f \u062f\u0627\u0648\u062f<\/a><\/h4>\t\t\t\t\t\t\t<p>[vc_row][vc_column][vc_gallery type=\u00a0\u00bbimage_grid\u00a0\u00bb images=\u00a0\u00bb2794,2793,2792,2791,2790,2789,2788,2787,2786,2785,2784&Prime; img_size=\u00a0\u00bbmedium\u00a0\u00bb][\/vc_column][\/vc_row]\t\t\t        <\/p>\n\t\t\t\t\t\t<\/div><!--\/ end-->\n\t\t\t\t\t\t<!--meta element start \\-->\n\t\t\t\t\t\t\t\t\t\t\t\t<div class=\"grop-fix grop-news_pst_meta\">\n\t\t\t\t\t\t\t\t\t\t\t\t\t\t<div class=\"grop-float_left grop-news_pst_in\">\n\t\t\t\t\t\t\t\t \tin <a href=\"https:\/\/www.chantiers-ecoles.ma\/?cat=17\" rel=\"category\">AMC NEWS<\/a>\t\t\t\t\t\t\t<\/div>\n\t\t\t\t\t\t\t\t\t\t\t\t\t\t<div class=\"grop-float_right grop-news_pst_commnt\">\n\t\t\t\t\t\t\t\t<span><\/span>\t\t\t\t\t\t\t<\/div>\n\t\t\t\t\t\t\t\t\t\t\t\t\t<\/div><!--\/ end-->\n\t\t\t\t\t\t\t\t\t\t\t<\/div>\n\t\t\t\t<\/div>\n\t\t\t\t        <\/article><!-- #post-## -->\n            <article id=\"post-2766\" class=\"grop-filter_single_col post-2766 post type-post status-publish format-standard has-post-thumbnail hentry category-amc\">\n        \t\t\t\t<div class=\"grop-hm3news_single_post_warp  grop-blog_grid\">\n\t\t\t\t\t<div class=\"grop-news_pst_media\">\n\t\t\t\t\t\t\t          \t<img src=\"https:\/\/www.chantiers-ecoles.ma\/wp-content\/uploads\/2019\/12\/1.jpg\" alt=\"\u0627\u062e\u062a\u0628\u0627\u0631\u0627\u062a \u062a\u0642\u0648\u064a\u0645\u064a\u0629 \u0628\u0639\u062f \u0646\u0647\u0627\u064a\u0629 \u0627\u0644\u0633\u0646\u0629 \u0627\u0644\u0623\u0648\u0644\u0649 \u0645\u0646 \u0627\u0644\u062a\u0643\u0648\u064a\u0646\">\n\t        \t\t\t\t\t\t<\/div><!--\/ end-->\n\t\t\t\t\t<div class=\"grop-news_pst_cont_warp\">\n\t\t\t\t\t\t<div class=\"grop-news_pst_cont\">\n\t\t\t\t\t\t\t\t\t\t\t\t\t<div class=\"grop-news_ps_date\">\n\t\t\t\t\t\t\t\t<i class=\"fa fa-clock-o\"><\/i> 04 Nov 2019\t\t\t\t\t\t\t<\/div>\n\t\t\t\t\t\t\t<h4 class=\"grop-news_ps_title\"><a href=\"https:\/\/www.chantiers-ecoles.ma\/?p=2766\">\u0627\u062e\u062a\u0628\u0627\u0631\u0627\u062a \u062a\u0642\u0648\u064a\u0645\u064a\u0629 \u0628\u0639\u062f \u0646\u0647\u0627\u064a\u0629 \u0627\u0644\u0633\u0646\u0629 \u0627\u0644\u0623\u0648\u0644\u0649 \u0645\u0646 \u0627\u0644\u062a\u0643\u0648\u064a\u0646<\/a><\/h4>\t\t\t\t\t\t\t<p>[vc_row][vc_column][vc_gallery type=\u00a0\u00bbimage_grid\u00a0\u00bb images=\u00a0\u00bb2771,2770,2769,2768,2767&Prime; img_size=\u00a0\u00bbmedium\u00a0\u00bb][\/vc_column][\/vc_row]\t\t\t        <\/p>\n\t\t\t\t\t\t<\/div><!--\/ end-->\n\t\t\t\t\t\t<!--meta element start \\-->\n\t\t\t\t\t\t\t\t\t\t\t\t<div class=\"grop-fix grop-news_pst_meta\">\n\t\t\t\t\t\t\t\t\t\t\t\t\t\t<div class=\"grop-float_left grop-news_pst_in\">\n\t\t\t\t\t\t\t\t \tin <a href=\"https:\/\/www.chantiers-ecoles.ma\/?cat=17\" rel=\"category\">AMC NEWS<\/a>\t\t\t\t\t\t\t<\/div>\n\t\t\t\t\t\t\t\t\t\t\t\t\t\t<div class=\"grop-float_right grop-news_pst_commnt\">\n\t\t\t\t\t\t\t\t<span><\/span>\t\t\t\t\t\t\t<\/div>\n\t\t\t\t\t\t\t\t\t\t\t\t\t<\/div><!--\/ end-->\n\t\t\t\t\t\t\t\t\t\t\t<\/div>\n\t\t\t\t<\/div>\n\t\t\t\t        <\/article><!-- #post-## -->\n      <\/div>    <\/div>\n    <!-- Blog End -->\n      <div class=\"text-center grop-posts-pagination-warp\">\n    <nav class=\"navigation pagination\">\n      <div class=\"nav-links\">\n            <\/div>\n    <\/nav>\n  <\/div>\n[\/vc_column][\/vc_row]<\/p>\n","protected":false},"excerpt":{"rendered":"[vc_row][vc_column css=\u00a0\u00bb.vc_custom_1507811639456{padding-right: 0px !important;padding-left: 0px !important;}\u00a0\u00bb][\/vc_column][\/vc_row]","protected":false},"author":2,"featured_media":0,"parent":0,"menu_order":0,"comment_status":"closed","ping_status":"closed","template":"","meta":[],"_links":{"self":[{"href":"https:\/\/www.chantiers-ecoles.ma\/index.php?rest_route=\/wp\/v2\/pages\/570"}],"collection":[{"href":"https:\/\/www.chantiers-ecoles.ma\/index.php?rest_route=\/wp\/v2\/pages"}],"about":[{"href":"https:\/\/www.chantiers-ecoles.ma\/index.php?rest_route=\/wp\/v2\/types\/page"}],"author":[{"embeddable":true,"href":"https:\/\/www.chantiers-ecoles.ma\/index.php?rest_route=\/wp\/v2\/users\/2"}],"replies":[{"embeddable":true,"href":"https:\/\/www.chantiers-ecoles.ma\/index.php?rest_route=%2Fwp%2Fv2%2Fcomments&post=570"}],"version-history":[{"count":1,"href":"https:\/\/www.chantiers-ecoles.ma\/index.php?rest_route=\/wp\/v2\/pages\/570\/revisions"}],"predecessor-version":[{"id":2755,"href":"https:\/\/www.chantiers-ecoles.ma\/index.php?rest_route=\/wp\/v2\/pages\/570\/revisions\/2755"}],"wp:attachment":[{"href":"https:\/\/www.chantiers-ecoles.ma\/index.php?rest_route=%2Fwp%2Fv2%2Fmedia&parent=570"}],"curies":[{"name":"wp","href":"https:\/\/api.w.org\/{rel}","templated":true}]}}